{"id":365,"date":"2020-06-11T23:43:11","date_gmt":"2020-06-11T23:43:11","guid":{"rendered":"http:\/\/erandi.com\/w\/?page_id=365"},"modified":"2020-06-12T00:48:48","modified_gmt":"2020-06-12T00:48:48","slug":"vajillas","status":"publish","type":"page","link":"http:\/\/erandi.com\/w\/vajillas\/","title":{"rendered":"VAJILLAS"},"content":{"rendered":"\t\t<div data-elementor-type=\"wp-page\" data-elementor-id=\"365\" class=\"elementor elementor-365\">\n\t\t\t\t\t\t\t\t\t<section class=\"elementor-section elementor-top-section elementor-element elementor-element-e03f43f elementor-section-boxed elementor-section-height-default elementor-section-height-default\" data-id=\"e03f43f\" data-element_type=\"section\">\n\t\t\t\t\t\t<div class=\"elementor-container elementor-column-gap-default\">\n\t\t\t\t\t<div class=\"elementor-column elementor-col-100 elementor-top-column elementor-element elementor-element-4fc8f04\" data-id=\"4fc8f04\" data-element_type=\"column\">\n\t\t\t<div class=\"elementor-widget-wrap elementor-element-populated\">\n\t\t\t\t\t\t\t\t<div class=\"elementor-element elementor-element-c4d7ced elementor-widget elementor-widget-image\" data-id=\"c4d7ced\" data-element_type=\"widget\" data-widget_type=\"image.default\">\n\t\t\t\t<div class=\"elementor-widget-container\">\n\t\t\t\t\t\t\t\t\t\t\t\t\t\t\t<img decoding=\"async\" width=\"150\" height=\"150\" src=\"http:\/\/erandi.com\/w\/wp-content\/uploads\/2020\/02\/LOGO-AMARILLO2-150x150.jpg\" class=\"attachment-thumbnail size-thumbnail wp-image-30\" alt=\"ARTESANIAS ERANDI\" \/>\t\t\t\t\t\t\t\t\t\t\t\t\t\t\t<\/div>\n\t\t\t\t<\/div>\n\t\t\t\t\t<\/div>\n\t\t<\/div>\n\t\t\t\t\t\t\t<\/div>\n\t\t<\/section>\n\t\t\t\t<section class=\"elementor-section elementor-top-section elementor-element elementor-element-e291659 elementor-section-boxed elementor-section-height-default elementor-section-height-default\" data-id=\"e291659\" data-element_type=\"section\">\n\t\t\t\t\t\t<div class=\"elementor-container elementor-column-gap-default\">\n\t\t\t\t\t<div class=\"elementor-column elementor-col-100 elementor-top-column elementor-element elementor-element-2a8f264\" data-id=\"2a8f264\" data-element_type=\"column\">\n\t\t\t<div class=\"elementor-widget-wrap elementor-element-populated\">\n\t\t\t\t\t\t\t\t<div class=\"elementor-element elementor-element-f363587 elementor-widget elementor-widget-heading\" data-id=\"f363587\" data-element_type=\"widget\" data-widget_type=\"heading.default\">\n\t\t\t\t<div class=\"elementor-widget-container\">\n\t\t\t<h2 class=\"elementor-heading-title elementor-size-default\">VAJILLAS<\/h2>\t\t<\/div>\n\t\t\t\t<\/div>\n\t\t\t\t\t<\/div>\n\t\t<\/div>\n\t\t\t\t\t\t\t<\/div>\n\t\t<\/section>\n\t\t\t\t<section class=\"elementor-section elementor-top-section elementor-element elementor-element-d45a7c1 elementor-section-boxed elementor-section-height-default elementor-section-height-default\" data-id=\"d45a7c1\" data-element_type=\"section\">\n\t\t\t\t\t\t<div class=\"elementor-container elementor-column-gap-default\">\n\t\t\t\t\t<div class=\"elementor-column elementor-col-33 elementor-top-column elementor-element elementor-element-2363180\" data-id=\"2363180\" data-element_type=\"column\">\n\t\t\t<div class=\"elementor-widget-wrap elementor-element-populated\">\n\t\t\t\t\t\t\t\t<div class=\"elementor-element elementor-element-d4b58be elementor-widget elementor-widget-heading\" data-id=\"d4b58be\" data-element_type=\"widget\" data-widget_type=\"heading.default\">\n\t\t\t\t<div class=\"elementor-widget-container\">\n\t\t\t<h2 class=\"elementor-heading-title elementor-size-medium\">DISE\u00d1O AMANECER<\/h2>\t\t<\/div>\n\t\t\t\t<\/div>\n\t\t\t\t<div class=\"elementor-element elementor-element-197df06 elementor-widget elementor-widget-image\" data-id=\"197df06\" data-element_type=\"widget\" data-widget_type=\"image.default\">\n\t\t\t\t<div class=\"elementor-widget-container\">\n\t\t\t\t\t\t\t\t\t\t\t\t\t\t\t<img fetchpriority=\"high\" decoding=\"async\" width=\"520\" height=\"520\" src=\"http:\/\/erandi.com\/w\/wp-content\/uploads\/2020\/06\/AMANECER.jpg\" class=\"attachment-large size-large wp-image-366\" alt=\"DISE\u00d1O AMANECER\" srcset=\"http:\/\/erandi.com\/w\/wp-content\/uploads\/2020\/06\/AMANECER.jpg 520w, http:\/\/erandi.com\/w\/wp-content\/uploads\/2020\/06\/AMANECER-300x300.jpg 300w, http:\/\/erandi.com\/w\/wp-content\/uploads\/2020\/06\/AMANECER-150x150.jpg 150w, http:\/\/erandi.com\/w\/wp-content\/uploads\/2020\/06\/AMANECER-270x270.jpg 270w, http:\/\/erandi.com\/w\/wp-content\/uploads\/2020\/06\/AMANECER-230x230.jpg 230w\" sizes=\"(max-width: 520px) 100vw, 520px\" \/>\t\t\t\t\t\t\t\t\t\t\t\t\t\t\t<\/div>\n\t\t\t\t<\/div>\n\t\t\t\t\t<\/div>\n\t\t<\/div>\n\t\t\t\t<div class=\"elementor-column elementor-col-33 elementor-top-column elementor-element elementor-element-d737dc4\" data-id=\"d737dc4\" data-element_type=\"column\">\n\t\t\t<div class=\"elementor-widget-wrap elementor-element-populated\">\n\t\t\t\t\t\t\t\t<div class=\"elementor-element elementor-element-d34c322 elementor-widget elementor-widget-heading\" data-id=\"d34c322\" data-element_type=\"widget\" data-widget_type=\"heading.default\">\n\t\t\t\t<div class=\"elementor-widget-container\">\n\t\t\t<h2 class=\"elementor-heading-title elementor-size-medium\">DISE\u00d1O PALOMA<\/h2>\t\t<\/div>\n\t\t\t\t<\/div>\n\t\t\t\t<div class=\"elementor-element elementor-element-b3b3be7 elementor-widget elementor-widget-image\" data-id=\"b3b3be7\" data-element_type=\"widget\" data-widget_type=\"image.default\">\n\t\t\t\t<div class=\"elementor-widget-container\">\n\t\t\t\t\t\t\t\t\t\t\t\t\t\t\t<img decoding=\"async\" width=\"520\" height=\"520\" src=\"http:\/\/erandi.com\/w\/wp-content\/uploads\/2020\/06\/PALOMA.jpg\" class=\"attachment-large size-large wp-image-372\" alt=\"DISE\u00d1O PALOMA\" srcset=\"http:\/\/erandi.com\/w\/wp-content\/uploads\/2020\/06\/PALOMA.jpg 520w, http:\/\/erandi.com\/w\/wp-content\/uploads\/2020\/06\/PALOMA-300x300.jpg 300w, http:\/\/erandi.com\/w\/wp-content\/uploads\/2020\/06\/PALOMA-150x150.jpg 150w, http:\/\/erandi.com\/w\/wp-content\/uploads\/2020\/06\/PALOMA-270x270.jpg 270w, http:\/\/erandi.com\/w\/wp-content\/uploads\/2020\/06\/PALOMA-230x230.jpg 230w\" sizes=\"(max-width: 520px) 100vw, 520px\" \/>\t\t\t\t\t\t\t\t\t\t\t\t\t\t\t<\/div>\n\t\t\t\t<\/div>\n\t\t\t\t\t<\/div>\n\t\t<\/div>\n\t\t\t\t<div class=\"elementor-column elementor-col-33 elementor-top-column elementor-element elementor-element-f936fc1\" data-id=\"f936fc1\" data-element_type=\"column\">\n\t\t\t<div class=\"elementor-widget-wrap elementor-element-populated\">\n\t\t\t\t\t\t\t\t<div class=\"elementor-element elementor-element-45fecda elementor-widget elementor-widget-heading\" data-id=\"45fecda\" data-element_type=\"widget\" data-widget_type=\"heading.default\">\n\t\t\t\t<div class=\"elementor-widget-container\">\n\t\t\t<h2 class=\"elementor-heading-title elementor-size-medium\">DISE\u00d1O CENTURIA<\/h2>\t\t<\/div>\n\t\t\t\t<\/div>\n\t\t\t\t<div class=\"elementor-element elementor-element-5ee9355 elementor-widget elementor-widget-image\" data-id=\"5ee9355\" data-element_type=\"widget\" data-widget_type=\"image.default\">\n\t\t\t\t<div class=\"elementor-widget-container\">\n\t\t\t\t\t\t\t\t\t\t\t\t\t\t\t<img loading=\"lazy\" decoding=\"async\" width=\"512\" height=\"512\" src=\"http:\/\/erandi.com\/w\/wp-content\/uploads\/2020\/06\/CENTURIA.jpg\" class=\"attachment-large size-large wp-image-375\" alt=\"DISE\u00d1O CENTURIA\" srcset=\"http:\/\/erandi.com\/w\/wp-content\/uploads\/2020\/06\/CENTURIA.jpg 512w, http:\/\/erandi.com\/w\/wp-content\/uploads\/2020\/06\/CENTURIA-300x300.jpg 300w, http:\/\/erandi.com\/w\/wp-content\/uploads\/2020\/06\/CENTURIA-150x150.jpg 150w, http:\/\/erandi.com\/w\/wp-content\/uploads\/2020\/06\/CENTURIA-270x270.jpg 270w, http:\/\/erandi.com\/w\/wp-content\/uploads\/2020\/06\/CENTURIA-230x230.jpg 230w\" sizes=\"(max-width: 512px) 100vw, 512px\" \/>\t\t\t\t\t\t\t\t\t\t\t\t\t\t\t<\/div>\n\t\t\t\t<\/div>\n\t\t\t\t\t<\/div>\n\t\t<\/div>\n\t\t\t\t\t\t\t<\/div>\n\t\t<\/section>\n\t\t\t\t<section class=\"elementor-section elementor-top-section elementor-element elementor-element-b33b8cf elementor-section-boxed elementor-section-height-default elementor-section-height-default\" data-id=\"b33b8cf\" data-element_type=\"section\">\n\t\t\t\t\t\t<div class=\"elementor-container elementor-column-gap-default\">\n\t\t\t\t\t<div class=\"elementor-column elementor-col-33 elementor-top-column elementor-element elementor-element-33cca42\" data-id=\"33cca42\" data-element_type=\"column\">\n\t\t\t<div class=\"elementor-widget-wrap elementor-element-populated\">\n\t\t\t\t\t\t\t\t<div class=\"elementor-element elementor-element-5b4c8b0 elementor-widget elementor-widget-heading\" data-id=\"5b4c8b0\" data-element_type=\"widget\" data-widget_type=\"heading.default\">\n\t\t\t\t<div class=\"elementor-widget-container\">\n\t\t\t<h2 class=\"elementor-heading-title elementor-size-medium\">DISE\u00d1O COPOS<\/h2>\t\t<\/div>\n\t\t\t\t<\/div>\n\t\t\t\t<div class=\"elementor-element elementor-element-59d03ae elementor-widget elementor-widget-image\" data-id=\"59d03ae\" data-element_type=\"widget\" data-widget_type=\"image.default\">\n\t\t\t\t<div class=\"elementor-widget-container\">\n\t\t\t\t\t\t\t\t\t\t\t\t\t\t\t<img loading=\"lazy\" decoding=\"async\" width=\"520\" height=\"520\" src=\"http:\/\/erandi.com\/w\/wp-content\/uploads\/2020\/06\/COPOS.jpg\" class=\"attachment-large size-large wp-image-379\" alt=\"VAJILLA COPOS\" srcset=\"http:\/\/erandi.com\/w\/wp-content\/uploads\/2020\/06\/COPOS.jpg 520w, http:\/\/erandi.com\/w\/wp-content\/uploads\/2020\/06\/COPOS-300x300.jpg 300w, http:\/\/erandi.com\/w\/wp-content\/uploads\/2020\/06\/COPOS-150x150.jpg 150w, http:\/\/erandi.com\/w\/wp-content\/uploads\/2020\/06\/COPOS-270x270.jpg 270w, http:\/\/erandi.com\/w\/wp-content\/uploads\/2020\/06\/COPOS-230x230.jpg 230w\" sizes=\"(max-width: 520px) 100vw, 520px\" \/>\t\t\t\t\t\t\t\t\t\t\t\t\t\t\t<\/div>\n\t\t\t\t<\/div>\n\t\t\t\t\t<\/div>\n\t\t<\/div>\n\t\t\t\t<div class=\"elementor-column elementor-col-33 elementor-top-column elementor-element elementor-element-c6385e8\" data-id=\"c6385e8\" data-element_type=\"column\">\n\t\t\t<div class=\"elementor-widget-wrap elementor-element-populated\">\n\t\t\t\t\t\t\t\t<div class=\"elementor-element elementor-element-e4ae16e elementor-widget elementor-widget-heading\" data-id=\"e4ae16e\" data-element_type=\"widget\" data-widget_type=\"heading.default\">\n\t\t\t\t<div class=\"elementor-widget-container\">\n\t\t\t<h2 class=\"elementor-heading-title elementor-size-medium\">DISE\u00d1O MARGARITA<\/h2>\t\t<\/div>\n\t\t\t\t<\/div>\n\t\t\t\t<div class=\"elementor-element elementor-element-f935567 elementor-widget elementor-widget-image\" data-id=\"f935567\" data-element_type=\"widget\" data-widget_type=\"image.default\">\n\t\t\t\t<div class=\"elementor-widget-container\">\n\t\t\t\t\t\t\t\t\t\t\t\t\t\t\t<img loading=\"lazy\" decoding=\"async\" width=\"520\" height=\"520\" src=\"http:\/\/erandi.com\/w\/wp-content\/uploads\/2020\/06\/MARGARITA.jpg\" class=\"attachment-large size-large wp-image-383\" alt=\"VAJILLA MARGARITA\" srcset=\"http:\/\/erandi.com\/w\/wp-content\/uploads\/2020\/06\/MARGARITA.jpg 520w, http:\/\/erandi.com\/w\/wp-content\/uploads\/2020\/06\/MARGARITA-300x300.jpg 300w, http:\/\/erandi.com\/w\/wp-content\/uploads\/2020\/06\/MARGARITA-150x150.jpg 150w, http:\/\/erandi.com\/w\/wp-content\/uploads\/2020\/06\/MARGARITA-270x270.jpg 270w, http:\/\/erandi.com\/w\/wp-content\/uploads\/2020\/06\/MARGARITA-230x230.jpg 230w\" sizes=\"(max-width: 520px) 100vw, 520px\" \/>\t\t\t\t\t\t\t\t\t\t\t\t\t\t\t<\/div>\n\t\t\t\t<\/div>\n\t\t\t\t\t<\/div>\n\t\t<\/div>\n\t\t\t\t<div class=\"elementor-column elementor-col-33 elementor-top-column elementor-element elementor-element-e96e663\" data-id=\"e96e663\" data-element_type=\"column\">\n\t\t\t<div class=\"elementor-widget-wrap elementor-element-populated\">\n\t\t\t\t\t\t\t\t<div class=\"elementor-element elementor-element-75ce345 elementor-widget elementor-widget-heading\" data-id=\"75ce345\" data-element_type=\"widget\" data-widget_type=\"heading.default\">\n\t\t\t\t<div class=\"elementor-widget-container\">\n\t\t\t<h2 class=\"elementor-heading-title elementor-size-medium\">DISE\u00d1O AVANICO<\/h2>\t\t<\/div>\n\t\t\t\t<\/div>\n\t\t\t\t<div class=\"elementor-element elementor-element-21071f7 elementor-widget elementor-widget-image\" data-id=\"21071f7\" data-element_type=\"widget\" data-widget_type=\"image.default\">\n\t\t\t\t<div class=\"elementor-widget-container\">\n\t\t\t\t\t\t\t\t\t\t\t\t\t\t\t<img loading=\"lazy\" decoding=\"async\" width=\"520\" height=\"520\" src=\"http:\/\/erandi.com\/w\/wp-content\/uploads\/2020\/06\/AVANICO.jpg\" class=\"attachment-large size-large wp-image-386\" alt=\"VAJILLA AVANICO\" srcset=\"http:\/\/erandi.com\/w\/wp-content\/uploads\/2020\/06\/AVANICO.jpg 520w, http:\/\/erandi.com\/w\/wp-content\/uploads\/2020\/06\/AVANICO-300x300.jpg 300w, http:\/\/erandi.com\/w\/wp-content\/uploads\/2020\/06\/AVANICO-150x150.jpg 150w, http:\/\/erandi.com\/w\/wp-content\/uploads\/2020\/06\/AVANICO-270x270.jpg 270w, http:\/\/erandi.com\/w\/wp-content\/uploads\/2020\/06\/AVANICO-230x230.jpg 230w\" sizes=\"(max-width: 520px) 100vw, 520px\" \/>\t\t\t\t\t\t\t\t\t\t\t\t\t\t\t<\/div>\n\t\t\t\t<\/div>\n\t\t\t\t\t<\/div>\n\t\t<\/div>\n\t\t\t\t\t\t\t<\/div>\n\t\t<\/section>\n\t\t\t\t\t\t\t<\/div>\n\t\t","protected":false},"excerpt":{"rendered":"<p>VAJILLAS DISE\u00d1O AMANECER DISE\u00d1O PALOMA DISE\u00d1O CENTURIA DISE\u00d1O COPOS DISE\u00d1O MARGARITA DISE\u00d1O AVANICO<\/p>\n","protected":false},"author":1,"featured_media":0,"parent":0,"menu_order":0,"comment_status":"closed","ping_status":"closed","template":"","meta":{"footnotes":""},"_links":{"self":[{"href":"http:\/\/erandi.com\/w\/wp-json\/wp\/v2\/pages\/365"}],"collection":[{"href":"http:\/\/erandi.com\/w\/wp-json\/wp\/v2\/pages"}],"about":[{"href":"http:\/\/erandi.com\/w\/wp-json\/wp\/v2\/types\/page"}],"author":[{"embeddable":true,"href":"http:\/\/erandi.com\/w\/wp-json\/wp\/v2\/users\/1"}],"replies":[{"embeddable":true,"href":"http:\/\/erandi.com\/w\/wp-json\/wp\/v2\/comments?post=365"}],"version-history":[{"count":9,"href":"http:\/\/erandi.com\/w\/wp-json\/wp\/v2\/pages\/365\/revisions"}],"predecessor-version":[{"id":387,"href":"http:\/\/erandi.com\/w\/wp-json\/wp\/v2\/pages\/365\/revisions\/387"}],"wp:attachment":[{"href":"http:\/\/erandi.com\/w\/wp-json\/wp\/v2\/media?parent=365"}],"curies":[{"name":"wp","href":"https:\/\/api.w.org\/{rel}","templated":true}]}}